{"id":2846,"date":"2026-04-23T08:38:48","date_gmt":"2026-04-23T06:38:48","guid":{"rendered":"https:\/\/scierne.net\/?post_type=product&#038;p=2846"},"modified":"2026-04-29T10:39:13","modified_gmt":"2026-04-29T08:39:13","slug":"smirdex-paczka-krazkow-sciernych-whiteline-rozne-rozmiary-i-gradacje","status":"publish","type":"product","link":"https:\/\/scierne.net\/en\/product\/smirdex-paczka-krazkow-sciernych-whiteline-rozne-rozmiary-i-gradacje\/","title":{"rendered":"Smirdex Paczka kr\u0105\u017ck\u00f3w \u015bciernych Whiteline, r\u00f3\u017cne rozmiary i gradacje"},"content":{"rendered":"<p>Linia papier\u00f3w 510 White (ALOX) to uniwersalna seria produkt\u00f3w o atrakcyjnej relacji jako\u015bci do ceny. Nadaje si\u0119 do naprawy karoserii samochodowych i przemys\u0142u morskiego, do szlifowania podk\u0142ad\u00f3w, szpachl\u00f3wek i lakier\u00f3w. Drobniejsze grysy s\u0105 szczeg\u00f3lnie zalecane w przemy\u015ble meblarskim. Ponadto mo\u017cna je stosowa\u0107 do szlifowania p\u0142yt \u015bciennych i tynk\u00f3w w budownictwie.<\/p>\n<p>Rozmiary: \u00d8125mm, \u00d8150mm<\/p>\n<p>Gradacje: P40, P60, P80, P100, P120, P150, P180, P220, P240, P280, P320, P360, P400, P500, P600, P800<\/p>\n<p>Ilo\u015b\u0107 otwor\u00f3w:<\/p>\n<p>&nbsp;<\/p>","protected":false},"excerpt":{"rendered":"<p>Linia papier\u00f3w 510 White (ALOX) to uniwersalna seria produkt\u00f3w o atrakcyjnej relacji jako\u015bci do ceny.<\/p>\n<p>Rozmiary: \u00d8125mm, \u00d8150mm<\/p>\n<p>Gradacje: P40, P60, P80, P100, P120, P150, P180, P220, P240, P280, P320, P360, P400, P500, P600, P800<\/p>","protected":false},"featured_media":2844,"template":"","meta":[],"product_brand":[],"product_cat":[185],"product_tag":[],"class_list":{"0":"post-2846","1":"product","2":"type-product","3":"status-publish","4":"has-post-thumbnail","6":"product_cat-materialy-scierne-do-maszyn","8":"first","9":"instock","10":"taxable","11":"shipping-taxable","12":"purchasable","13":"product-type-variable"},"_links":{"self":[{"href":"https:\/\/scierne.net\/en\/wp-json\/wp\/v2\/product\/2846","targetHints":{"allow":["GET"]}}],"collection":[{"href":"https:\/\/scierne.net\/en\/wp-json\/wp\/v2\/product"}],"about":[{"href":"https:\/\/scierne.net\/en\/wp-json\/wp\/v2\/types\/product"}],"wp:featuredmedia":[{"embeddable":true,"href":"https:\/\/scierne.net\/en\/wp-json\/wp\/v2\/media\/2844"}],"wp:attachment":[{"href":"https:\/\/scierne.net\/en\/wp-json\/wp\/v2\/media?parent=2846"}],"wp:term":[{"taxonomy":"product_brand","embeddable":true,"href":"https:\/\/scierne.net\/en\/wp-json\/wp\/v2\/product_brand?post=2846"},{"taxonomy":"product_cat","embeddable":true,"href":"https:\/\/scierne.net\/en\/wp-json\/wp\/v2\/product_cat?post=2846"},{"taxonomy":"product_tag","embeddable":true,"href":"https:\/\/scierne.net\/en\/wp-json\/wp\/v2\/product_tag?post=2846"}],"curies":[{"name":"wp","href":"https:\/\/api.w.org\/{rel}","templated":true}]}}