{"id":2843,"date":"2026-04-23T11:54:18","date_gmt":"2026-04-23T09:54:18","guid":{"rendered":"https:\/\/scierne.net\/?post_type=product&#038;p=2843"},"modified":"2026-04-29T12:03:54","modified_gmt":"2026-04-29T10:03:54","slug":"smirdex-740-rolka-ceramiczna-rozne-wymiary-i-gradacje","status":"publish","type":"product","link":"https:\/\/scierne.net\/en\/product\/smirdex-740-rolka-ceramiczna-rozne-wymiary-i-gradacje\/","title":{"rendered":"Smirdex 740 Rolka ceramiczna, r\u00f3\u017cne wymiary i gradacje"},"content":{"rendered":"<p>Linia papieru ceramicznego 740 oferuje produkty do szybkiego ci\u0119cia i lepszej wydajno\u015bci, kt\u00f3re wytrzymuj\u0105 znacznie d\u0142u\u017cej ni\u017c konwencjonalne materia\u0142y \u015bcierne. Ziarna ceramiczne tej linii zapewniaj\u0105 trwa\u0142e ostre kraw\u0119dzie, oferuj\u0105c lepsze rezultaty wyko\u0144czenia obrabianych powierzchni. Produkty z tej linii doskonale nadaj\u0105 si\u0119 do szlifowania ka\u017cdego rodzaju materia\u0142u.<\/p>\n<p>Rozmiary: 115mmX50m (P40 &#8211; 25m) &#8211; bez rzepa; 115mmX25m (rzep); 70mmX25m (rzep)<\/p>\n<p>Gradacje: P40, P60, P80, P100, P120, P150, P180, P220, P240, P320, P400, P500, P600<\/p>","protected":false},"excerpt":{"rendered":"<p>Rolka ceramiczna bez rzepa.<\/p>\n<p>Rozmiar: 115mmX50m (P40 &#8211; 25m) &#8211; bez rzepa; 115mmX25m (rzep); 70mmX25m (rzep)<\/p>\n<p>Gradacje: P40, P60, P80, P100, P120, P150, P180, P220, P240, P320, P400, P500, P600<\/p>","protected":false},"featured_media":3413,"template":"","meta":[],"product_brand":[],"product_cat":[185,188],"product_tag":[],"class_list":{"0":"post-2843","1":"product","2":"type-product","3":"status-publish","4":"has-post-thumbnail","6":"product_cat-materialy-scierne-do-maszyn","7":"product_cat-materialy-scierne-do-obrobki-recznej","9":"first","10":"instock","11":"taxable","12":"shipping-taxable","13":"purchasable","14":"product-type-variable"},"_links":{"self":[{"href":"https:\/\/scierne.net\/en\/wp-json\/wp\/v2\/product\/2843","targetHints":{"allow":["GET"]}}],"collection":[{"href":"https:\/\/scierne.net\/en\/wp-json\/wp\/v2\/product"}],"about":[{"href":"https:\/\/scierne.net\/en\/wp-json\/wp\/v2\/types\/product"}],"wp:featuredmedia":[{"embeddable":true,"href":"https:\/\/scierne.net\/en\/wp-json\/wp\/v2\/media\/3413"}],"wp:attachment":[{"href":"https:\/\/scierne.net\/en\/wp-json\/wp\/v2\/media?parent=2843"}],"wp:term":[{"taxonomy":"product_brand","embeddable":true,"href":"https:\/\/scierne.net\/en\/wp-json\/wp\/v2\/product_brand?post=2843"},{"taxonomy":"product_cat","embeddable":true,"href":"https:\/\/scierne.net\/en\/wp-json\/wp\/v2\/product_cat?post=2843"},{"taxonomy":"product_tag","embeddable":true,"href":"https:\/\/scierne.net\/en\/wp-json\/wp\/v2\/product_tag?post=2843"}],"curies":[{"name":"wp","href":"https:\/\/api.w.org\/{rel}","templated":true}]}}