{"id":1613,"date":"2024-12-11T10:25:44","date_gmt":"2024-12-11T09:25:44","guid":{"rendered":"https:\/\/sklep3.vebi.pro\/?post_type=product&#038;p=1613"},"modified":"2026-04-22T11:38:33","modified_gmt":"2026-04-22T09:38:33","slug":"papier-scierny-z-metra-na-gabce-w-roznych-gradacjach","status":"publish","type":"product","link":"https:\/\/scierne.net\/en\/product\/papier-scierny-z-metra-na-gabce-w-roznych-gradacjach\/","title":{"rendered":"Smirdex Abrasoft papier \u015bcierny na g\u0105bce w r\u00f3\u017cnych gradacjach 115mmx25m"},"content":{"rendered":"<p>Seria 135sp Abrasoft\u00ae (ALOX) nadaje si\u0119 do wyka\u0144czania samochod\u00f3w, drewna i forniru.<\/p>\n<p>Podk\u0142ad z pianki nadaje si\u0119 do r\u0119cznego szlifowania naro\u017cnik\u00f3w, plastikowych cz\u0119\u015bci karoserii i wszelkich trudnych kszta\u0142t\u00f3w mebli. Pianka pozwala na r\u00f3wnomierne roz\u0142o\u017cenie docisku, co zmniejsza ryzyko przeszlifowania powierzchni.<\/p>\n<p>Dodatkowo produkt mo\u017ce by\u0107 stosowany do szlifowania na mokro, szczeg\u00f3lnie w procesach renowacji samochod\u00f3w, poniewa\u017c jest p\u00f3\u0142wodoodporny.<\/p>\n<p>Wymiary: 115mmx25m<\/p>\n<p>Gradacje: P120, P150, P180, P220, P240, P280, P320, P400, P500, P600, P800, P1000<\/p>","protected":false},"excerpt":{"rendered":"<p>Seria 135sp Abrasoft\u00ae (ALOX) nadaje si\u0119 do wyka\u0144czania samochod\u00f3w, drewna i forniru.<\/p>\n<p>Wymiary: 115mmx25m<\/p>\n<p>Gradacje: P120, P150, P180, P220, P240, P280, P320, P400, P500, P600, P800, P1000<\/p>","protected":false},"featured_media":2468,"template":"","meta":[],"product_brand":[],"product_cat":[188],"product_tag":[],"class_list":{"0":"post-1613","1":"product","2":"type-product","3":"status-publish","4":"has-post-thumbnail","6":"product_cat-materialy-scierne-do-obrobki-recznej","8":"first","9":"instock","10":"taxable","11":"shipping-taxable","12":"purchasable","13":"product-type-variable"},"_links":{"self":[{"href":"https:\/\/scierne.net\/en\/wp-json\/wp\/v2\/product\/1613","targetHints":{"allow":["GET"]}}],"collection":[{"href":"https:\/\/scierne.net\/en\/wp-json\/wp\/v2\/product"}],"about":[{"href":"https:\/\/scierne.net\/en\/wp-json\/wp\/v2\/types\/product"}],"wp:featuredmedia":[{"embeddable":true,"href":"https:\/\/scierne.net\/en\/wp-json\/wp\/v2\/media\/2468"}],"wp:attachment":[{"href":"https:\/\/scierne.net\/en\/wp-json\/wp\/v2\/media?parent=1613"}],"wp:term":[{"taxonomy":"product_brand","embeddable":true,"href":"https:\/\/scierne.net\/en\/wp-json\/wp\/v2\/product_brand?post=1613"},{"taxonomy":"product_cat","embeddable":true,"href":"https:\/\/scierne.net\/en\/wp-json\/wp\/v2\/product_cat?post=1613"},{"taxonomy":"product_tag","embeddable":true,"href":"https:\/\/scierne.net\/en\/wp-json\/wp\/v2\/product_tag?post=1613"}],"curies":[{"name":"wp","href":"https:\/\/api.w.org\/{rel}","templated":true}]}}