{"id":1612,"date":"2024-12-11T10:25:41","date_gmt":"2024-12-11T09:25:41","guid":{"rendered":"https:\/\/sklep3.vebi.pro\/?post_type=product&#038;p=1612"},"modified":"2026-04-27T09:28:55","modified_gmt":"2026-04-27T07:28:55","slug":"ceramiczne-krazki-scierne-o-srednicy-150mm-i-125mm-w-roznych-gradacjach","status":"publish","type":"product","link":"https:\/\/scierne.net\/en\/product\/ceramiczne-krazki-scierne-o-srednicy-150mm-i-125mm-w-roznych-gradacjach\/","title":{"rendered":"Smirdex paczka ceramicznych kr\u0105\u017ck\u00f3w \u015bciernych 740 o \u015brednicy 150mm i 125mm w r\u00f3\u017cnych gradacjach"},"content":{"rendered":"<p>Linia papieru ceramicznego 740 oferuje produkty do szybkiego ci\u0119cia i lepszej wydajno\u015bci, kt\u00f3re wytrzymuj\u0105 znacznie d\u0142u\u017cej ni\u017c konwencjonalne materia\u0142y \u015bcierne.<\/p>\n<p>Ziarna ceramiczne tej linii zapewniaj\u0105 trwa\u0142e ostre kraw\u0119dzie, oferuj\u0105c lepsze rezultaty wyko\u0144czenia obrabianych powierzchni. Produkty z linii papier\u00f3w ceramicznych 740 Ceramic doskonale nadaj\u0105 si\u0119 do szlifowania ka\u017cdego rodzaju materia\u0142u.<\/p>\n<p>Wymiary: \u00d8150mm lub \u00d8125mm<\/p>\n<p>Gradacje: P40, P60, P80, P100, P120, P150, P180, P220, P240, P320, P400, P500, P600, P800, P1000<\/p>\n<p>Ilo\u015b\u0107 otwor\u00f3w: 8H (125mm), 15H i 17H (150mm)<\/p>\n<p>1 szt = 100 szt = 1 paczka<\/p>\n<p>Dla gradacji P40 i P60: 1 szt = 50 szt = 1 paczka<\/p>","protected":false},"excerpt":{"rendered":"<p>Linia papieru ceramicznego 740 oferuje produkty do szybkiego ci\u0119cia i lepszej wydajno\u015bci, kt\u00f3re wytrzymuj\u0105 znacznie d\u0142u\u017cej ni\u017c konwencjonalne materia\u0142y \u015bcierne.<\/p>\n<p>Wymiary: \u00d8150mm lub \u00d8125mm<\/p>\n<p>Gradacje: P40, P60, P80, P100, P120, P150, P180, P220, P240, P320, P400, P500, P600, P800, P1000<\/p>","protected":false},"featured_media":2490,"template":"","meta":[],"product_brand":[],"product_cat":[185],"product_tag":[],"class_list":{"0":"post-1612","1":"product","2":"type-product","3":"status-publish","4":"has-post-thumbnail","6":"product_cat-materialy-scierne-do-maszyn","8":"first","9":"instock","10":"taxable","11":"shipping-taxable","12":"purchasable","13":"product-type-variable"},"_links":{"self":[{"href":"https:\/\/scierne.net\/en\/wp-json\/wp\/v2\/product\/1612","targetHints":{"allow":["GET"]}}],"collection":[{"href":"https:\/\/scierne.net\/en\/wp-json\/wp\/v2\/product"}],"about":[{"href":"https:\/\/scierne.net\/en\/wp-json\/wp\/v2\/types\/product"}],"wp:featuredmedia":[{"embeddable":true,"href":"https:\/\/scierne.net\/en\/wp-json\/wp\/v2\/media\/2490"}],"wp:attachment":[{"href":"https:\/\/scierne.net\/en\/wp-json\/wp\/v2\/media?parent=1612"}],"wp:term":[{"taxonomy":"product_brand","embeddable":true,"href":"https:\/\/scierne.net\/en\/wp-json\/wp\/v2\/product_brand?post=1612"},{"taxonomy":"product_cat","embeddable":true,"href":"https:\/\/scierne.net\/en\/wp-json\/wp\/v2\/product_cat?post=1612"},{"taxonomy":"product_tag","embeddable":true,"href":"https:\/\/scierne.net\/en\/wp-json\/wp\/v2\/product_tag?post=1612"}],"curies":[{"name":"wp","href":"https:\/\/api.w.org\/{rel}","templated":true}]}}