{"id":1611,"date":"2024-12-11T10:25:40","date_gmt":"2024-12-11T09:25:40","guid":{"rendered":"https:\/\/sklep3.vebi.pro\/?post_type=product&#038;p=1611"},"modified":"2026-04-22T11:40:09","modified_gmt":"2026-04-22T09:40:09","slug":"delta-scierna-w-roznych-gradacjach","status":"publish","type":"product","link":"https:\/\/scierne.net\/en\/product\/delta-scierna-w-roznych-gradacjach\/","title":{"rendered":"Smirdex paczka Delta \u017belazko 510 \u015bcierne w r\u00f3\u017cnych gradacjach"},"content":{"rendered":"<p>Linia papier\u00f3w 510 White (ALOX) to uniwersalna seria produkt\u00f3w o atrakcyjnej relacji jako\u015bci do ceny.<\/p>\n<p>Nadaje si\u0119 do naprawy karoserii samochodowych i przemys\u0142u morskiego, do szlifowania podk\u0142ad\u00f3w, szpachl\u00f3wek i lakier\u00f3w. Drobniejsze gradacje s\u0105 szczeg\u00f3lnie zalecane w przemy\u015ble meblarskim. Ponadto mo\u017cna je stosowa\u0107 do szlifowania p\u0142yt \u015bciennych i tynk\u00f3w w budownictwie.<\/p>\n<p>Wymiary: 100x147x147mm<\/p>\n<p>Gradacje: P120, P240, P320, P400<\/p>\n<p>1 szt = 100 szt = 1 paczka<\/p>","protected":false},"excerpt":{"rendered":"<p>Linia papier\u00f3w 510 White (ALOX) to uniwersalna seria produkt\u00f3w o atrakcyjnej relacji jako\u015bci do ceny.<\/p>\n<p>Wymiary: 100x147x147mm<\/p>\n<p>Gradacje: P120, P240, P320, P400<\/p>","protected":false},"featured_media":2815,"template":"","meta":[],"product_brand":[],"product_cat":[185],"product_tag":[],"class_list":{"0":"post-1611","1":"product","2":"type-product","3":"status-publish","4":"has-post-thumbnail","6":"product_cat-materialy-scierne-do-maszyn","8":"first","9":"instock","10":"taxable","11":"shipping-taxable","12":"purchasable","13":"product-type-variable"},"_links":{"self":[{"href":"https:\/\/scierne.net\/en\/wp-json\/wp\/v2\/product\/1611","targetHints":{"allow":["GET"]}}],"collection":[{"href":"https:\/\/scierne.net\/en\/wp-json\/wp\/v2\/product"}],"about":[{"href":"https:\/\/scierne.net\/en\/wp-json\/wp\/v2\/types\/product"}],"wp:featuredmedia":[{"embeddable":true,"href":"https:\/\/scierne.net\/en\/wp-json\/wp\/v2\/media\/2815"}],"wp:attachment":[{"href":"https:\/\/scierne.net\/en\/wp-json\/wp\/v2\/media?parent=1611"}],"wp:term":[{"taxonomy":"product_brand","embeddable":true,"href":"https:\/\/scierne.net\/en\/wp-json\/wp\/v2\/product_brand?post=1611"},{"taxonomy":"product_cat","embeddable":true,"href":"https:\/\/scierne.net\/en\/wp-json\/wp\/v2\/product_cat?post=1611"},{"taxonomy":"product_tag","embeddable":true,"href":"https:\/\/scierne.net\/en\/wp-json\/wp\/v2\/product_tag?post=1611"}],"curies":[{"name":"wp","href":"https:\/\/api.w.org\/{rel}","templated":true}]}}