{"id":1608,"date":"2024-12-11T10:24:48","date_gmt":"2024-12-11T09:24:48","guid":{"rendered":"https:\/\/sklep3.vebi.pro\/?post_type=product&#038;p=1608"},"modified":"2026-04-22T12:13:36","modified_gmt":"2026-04-22T10:13:36","slug":"gabki-scierne-dwustronne-w-roznych-gradacjach","status":"publish","type":"product","link":"https:\/\/scierne.net\/en\/product\/gabki-scierne-dwustronne-w-roznych-gradacjach\/","title":{"rendered":"Smirdex paczka G\u0105bek \u015bciernych dwustronnych w r\u00f3\u017cnych gradacjach"},"content":{"rendered":"<div class=\"px-2\">\n<section id=\"translation_automatic\" class=\"bg-slate-50 border-gray-300 border rounded\">\n<div class=\"flex items-start justify-start\">\n<div class=\"flex-1 pt-1\">\n<p id=\"googleTranslate_container\" class=\"inline-block min-h-8 text-primary-700 break-words font-medium text-base\">Oferujemy dwustronne g\u0105bki przeznaczone do szlifowania na mokro lub na sucho, takich materia\u0142\u00f3w jak: drewna, metalu, podk\u0142adu, farby, kompozyt\u00f3w lub p\u0142yt kartonowo-gipsowych. G\u0105bki szlifierskie to przydatne narz\u0119dzie, kt\u00f3re z \u0142atwo\u015bci\u0105 dopasowuje si\u0119 do ka\u017cdego rodzaju i kszta\u0142tu powierzchni, odpowiednie do wszystkich zastosowa\u0144 zwi\u0105zanych ze szlifowaniem r\u0119cznym.<\/p>\n<p>Wymiary: 124x98x12mm<\/p>\n<p>Gradacje: Coarse-Blue, Medium-Grey, Fine-Red, Very fine-Yellow, Ultra fine-Light blue, Micro fine-Orange<\/p>\n<div class=\"dir-aware-float-right select-none\"><\/div>\n<div class=\"clear-both\"><\/div>\n<\/div>\n<\/div>\n<\/section>\n<\/div>\n<div class=\"py-4 px-2\">\n<div class=\"pb-2\"><\/div>\n<\/div>","protected":false},"excerpt":{"rendered":"<p>Dwustronne g\u0105bki przeznaczone do szlifowania na mokro lub na sucho.<\/p>\n<p>Wymiary: 124x98x12mm<\/p>\n<p>Gradacje: Coarse-Blue, Medium-Grey, Fine-Red, Very fine-Yellow, Ultra fine-Light blue, Micro fine-Orange<\/p>","protected":false},"featured_media":2817,"template":"","meta":[],"product_brand":[],"product_cat":[188],"product_tag":[],"class_list":{"0":"post-1608","1":"product","2":"type-product","3":"status-publish","4":"has-post-thumbnail","6":"product_cat-materialy-scierne-do-obrobki-recznej","8":"first","9":"instock","10":"taxable","11":"shipping-taxable","12":"purchasable","13":"product-type-variable"},"_links":{"self":[{"href":"https:\/\/scierne.net\/en\/wp-json\/wp\/v2\/product\/1608","targetHints":{"allow":["GET"]}}],"collection":[{"href":"https:\/\/scierne.net\/en\/wp-json\/wp\/v2\/product"}],"about":[{"href":"https:\/\/scierne.net\/en\/wp-json\/wp\/v2\/types\/product"}],"wp:featuredmedia":[{"embeddable":true,"href":"https:\/\/scierne.net\/en\/wp-json\/wp\/v2\/media\/2817"}],"wp:attachment":[{"href":"https:\/\/scierne.net\/en\/wp-json\/wp\/v2\/media?parent=1608"}],"wp:term":[{"taxonomy":"product_brand","embeddable":true,"href":"https:\/\/scierne.net\/en\/wp-json\/wp\/v2\/product_brand?post=1608"},{"taxonomy":"product_cat","embeddable":true,"href":"https:\/\/scierne.net\/en\/wp-json\/wp\/v2\/product_cat?post=1608"},{"taxonomy":"product_tag","embeddable":true,"href":"https:\/\/scierne.net\/en\/wp-json\/wp\/v2\/product_tag?post=1608"}],"curies":[{"name":"wp","href":"https:\/\/api.w.org\/{rel}","templated":true}]}}