{"id":1606,"date":"2024-12-11T10:07:38","date_gmt":"2024-12-11T09:07:38","guid":{"rendered":"https:\/\/sklep3.vebi.pro\/?post_type=product&#038;p=1606"},"modified":"2026-04-22T12:54:46","modified_gmt":"2026-04-22T10:54:46","slug":"tarcza-do-ciecia-metalu-rozne-rozmiary","status":"publish","type":"product","link":"https:\/\/scierne.net\/en\/product\/tarcza-do-ciecia-metalu-rozne-rozmiary\/","title":{"rendered":"Smirdex Paczka Tarcz do ci\u0119cia metalu, r\u00f3\u017cne rozmiary"},"content":{"rendered":"<div class=\"flex items-start justify-start\">\n<div class=\"flex-1 pt-1\">\n<p id=\"googleTranslate_container\" class=\"inline-block min-h-8 text-primary-700 break-words font-medium text-base\">Specjalnie stworzona tarcza tn\u0105ca, przeznaczona do ci\u0119cia stop\u00f3w stali nierdzewnej, zwi\u0119kszaj\u0105ca trwa\u0142o\u015b\u0107 i precyzj\u0119 ci\u0119cia metod\u0105 inox.<\/p>\n<p>Rozmiary: 115&#215;1,0x22, 125&#215;1,0x22, 180&#215;1,6&#215;22<\/p>\n<\/div>\n<p>1 szt = 25 szt = 1 paczka<\/p>\n<\/div>","protected":false},"excerpt":{"rendered":"<p id=\"googleTranslate_container\" class=\"inline-block min-h-8 text-primary-700 break-words font-medium text-base\">Specjalnie stworzona tarcza tn\u0105ca, przeznaczona do ci\u0119cia stop\u00f3w stali nierdzewnej, zwi\u0119kszaj\u0105ca trwa\u0142o\u015b\u0107 i precyzj\u0119 ci\u0119cia metod\u0105 inox.<\/p>\n<p>Rozmiary: 125&#215;1.0x22<\/p>","protected":false},"featured_media":2837,"template":"","meta":[],"product_brand":[],"product_cat":[186],"product_tag":[],"class_list":{"0":"post-1606","1":"product","2":"type-product","3":"status-publish","4":"has-post-thumbnail","6":"product_cat-narzedzia-i-akcesoria-szlifierskie","8":"first","9":"instock","10":"taxable","11":"shipping-taxable","12":"purchasable","13":"product-type-variable"},"_links":{"self":[{"href":"https:\/\/scierne.net\/en\/wp-json\/wp\/v2\/product\/1606","targetHints":{"allow":["GET"]}}],"collection":[{"href":"https:\/\/scierne.net\/en\/wp-json\/wp\/v2\/product"}],"about":[{"href":"https:\/\/scierne.net\/en\/wp-json\/wp\/v2\/types\/product"}],"wp:featuredmedia":[{"embeddable":true,"href":"https:\/\/scierne.net\/en\/wp-json\/wp\/v2\/media\/2837"}],"wp:attachment":[{"href":"https:\/\/scierne.net\/en\/wp-json\/wp\/v2\/media?parent=1606"}],"wp:term":[{"taxonomy":"product_brand","embeddable":true,"href":"https:\/\/scierne.net\/en\/wp-json\/wp\/v2\/product_brand?post=1606"},{"taxonomy":"product_cat","embeddable":true,"href":"https:\/\/scierne.net\/en\/wp-json\/wp\/v2\/product_cat?post=1606"},{"taxonomy":"product_tag","embeddable":true,"href":"https:\/\/scierne.net\/en\/wp-json\/wp\/v2\/product_tag?post=1606"}],"curies":[{"name":"wp","href":"https:\/\/api.w.org\/{rel}","templated":true}]}}