{"id":1685,"date":"2025-02-11T10:30:27","date_gmt":"2025-02-11T09:30:27","guid":{"rendered":"https:\/\/sklep3.vebi.pro\/?page_id=1685"},"modified":"2026-04-16T11:20:38","modified_gmt":"2026-04-16T09:20:38","slug":"o-nas","status":"publish","type":"page","link":"https:\/\/scierne.net\/en\/o-nas\/","title":{"rendered":"O nas"},"content":{"rendered":"<h2>O NAS<\/h2>\n<section dir=\"auto\" data-turn-id=\"a730c497-f328-47fb-ae32-17c94313c32a\" data-testid=\"conversation-turn-123\" data-scroll-anchor=\"false\" data-turn=\"user\"><\/section>\n<section dir=\"auto\" data-turn-id=\"request-69afe4c8-625c-832d-a029-80ea8a34ecf9-3\" data-testid=\"conversation-turn-124\" data-scroll-anchor=\"true\" data-turn=\"assistant\">\n<p data-start=\"0\" data-end=\"322\">Scierne.net to specjalistyczny sklep internetowy oferuj\u0105cy szeroki wyb\u00f3r materia\u0142\u00f3w \u015bciernych oraz akcesori\u00f3w do obr\u00f3bki powierzchni. Nasza oferta skierowana jest zar\u00f3wno do profesjonalist\u00f3w, jak i klient\u00f3w indywidualnych, kt\u00f3rzy oczekuj\u0105 wysokiej jako\u015bci produkt\u00f3w do szlifowania, polerowania i przygotowania powierzchni.<\/p>\n<p data-start=\"324\" data-end=\"664\">W asortymencie znajduj\u0105 si\u0119 materia\u0142y \u015bcierne do obr\u00f3bki r\u0119cznej, takie jak papiery \u015bcierne, g\u0105bki czy w\u0142\u00f3kniny, a tak\u017ce rozwi\u0105zania przeznaczone do pracy z maszynami \u2013 kr\u0105\u017cki, pasy bezko\u0144cowe, tarcze czy dyski. Uzupe\u0142nieniem oferty s\u0105 narz\u0119dzia i akcesoria szlifierskie, kt\u00f3re pozwalaj\u0105 na precyzyjn\u0105 i efektywn\u0105 prac\u0119 w r\u00f3\u017cnych warunkach.<\/p>\n<p data-start=\"666\" data-end=\"972\">Stawiamy na jako\u015b\u0107 i sprawdzone produkty, dlatego wsp\u00f3\u0142pracujemy z renomowanymi producentami, zapewniaj\u0105c dost\u0119p do materia\u0142\u00f3w trwa\u0142ych i wydajnych. Nasz sklep zosta\u0142 zaprojektowany w spos\u00f3b przejrzysty i intuicyjny, co umo\u017cliwia szybkie odnalezienie odpowiednich produkt\u00f3w oraz wygodne sk\u0142adanie zam\u00f3wie\u0144.<\/p>\n<p data-start=\"974\" data-end=\"1252\" data-is-last-node=\"\" data-is-only-node=\"\">Scierne.net to miejsce, w kt\u00f3rym znajdziesz rozwi\u0105zania dopasowane do r\u00f3\u017cnych zastosowa\u0144 \u2013 od prac warsztatowych, przez przemys\u0142, a\u017c po codzienne projekty. Naszym celem jest dostarczanie produkt\u00f3w, kt\u00f3re u\u0142atwiaj\u0105 prac\u0119 i gwarantuj\u0105 wysok\u0105 jako\u015b\u0107 wyko\u0144czenia ka\u017cdej powierzchni.<\/p>\n<\/section>","protected":false},"excerpt":{"rendered":"<p>O NAS Scierne.net to specjalistyczny sklep internetowy oferuj\u0105cy szeroki wyb\u00f3r materia\u0142\u00f3w \u015bciernych oraz akcesori\u00f3w do obr\u00f3bki powierzchni. Nasza oferta skierowana jest zar\u00f3wno do profesjonalist\u00f3w, jak i klient\u00f3w indywidualnych, kt\u00f3rzy oczekuj\u0105 wysokiej jako\u015bci produkt\u00f3w do szlifowania, polerowania i przygotowania powierzchni. W asortymencie znajduj\u0105 si\u0119 materia\u0142y \u015bcierne do obr\u00f3bki r\u0119cznej, takie jak papiery \u015bcierne, g\u0105bki czy w\u0142\u00f3kniny, [&hellip;]<\/p>\n","protected":false},"author":1,"featured_media":0,"parent":0,"menu_order":0,"comment_status":"closed","ping_status":"closed","template":"","meta":{"footnotes":""},"class_list":["post-1685","page","type-page","status-publish","hentry"],"_links":{"self":[{"href":"https:\/\/scierne.net\/en\/wp-json\/wp\/v2\/pages\/1685","targetHints":{"allow":["GET"]}}],"collection":[{"href":"https:\/\/scierne.net\/en\/wp-json\/wp\/v2\/pages"}],"about":[{"href":"https:\/\/scierne.net\/en\/wp-json\/wp\/v2\/types\/page"}],"author":[{"embeddable":true,"href":"https:\/\/scierne.net\/en\/wp-json\/wp\/v2\/users\/1"}],"replies":[{"embeddable":true,"href":"https:\/\/scierne.net\/en\/wp-json\/wp\/v2\/comments?post=1685"}],"version-history":[{"count":9,"href":"https:\/\/scierne.net\/en\/wp-json\/wp\/v2\/pages\/1685\/revisions"}],"predecessor-version":[{"id":2265,"href":"https:\/\/scierne.net\/en\/wp-json\/wp\/v2\/pages\/1685\/revisions\/2265"}],"wp:attachment":[{"href":"https:\/\/scierne.net\/en\/wp-json\/wp\/v2\/media?parent=1685"}],"curies":[{"name":"wp","href":"https:\/\/api.w.org\/{rel}","templated":true}]}}